{"id":2,"date":"2020-10-10T14:36:04","date_gmt":"2020-10-10T14:36:04","guid":{"rendered":"https:\/\/gutschoeller.de\/?page_id=2"},"modified":"2020-10-10T15:08:07","modified_gmt":"2020-10-10T15:08:07","slug":"sample-page","status":"publish","type":"page","link":"https:\/\/gutschoeller.de\/","title":{"rendered":"G  u  t     S  c  h  \u00f6  l  l  e  r"},"content":{"rendered":"\n<p class=\"has-large-font-size\">Gut Sch\u00f6ller ist ein an dem Fluss &#8222;D\u00fcssel&#8220; gelegenes Hofesgut im Ortsteil Sch\u00f6ller der Stadt Wuppertal. <\/p>\n\n\n\n<p class=\"has-large-font-size\">1884 wurde das heutige Gut errichtet.<\/p>\n\n\n\n<p class=\"has-large-font-size\">Heute ist es in privatem Familienbesitz und somit nicht \u00f6ffentlich zug\u00e4nglich.<\/p>\n\n\n\n<h1><\/h1>\n","protected":false},"excerpt":{"rendered":"<p>Gut Sch\u00f6ller ist ein an dem Fluss &#8222;D\u00fcssel&#8220; gelegenes Hofesgut im Ortsteil Sch\u00f6ller der Stadt Wuppertal. 1884 wurde das heutige Gut errichtet. Heute ist es in privatem Familienbesitz und somit nicht \u00f6ffentlich zug\u00e4nglich.<\/p>\n","protected":false},"author":1,"featured_media":0,"parent":0,"menu_order":0,"comment_status":"closed","ping_status":"open","template":"","meta":[],"_links":{"self":[{"href":"https:\/\/gutschoeller.de\/index.php?rest_route=\/wp\/v2\/pages\/2"}],"collection":[{"href":"https:\/\/gutschoeller.de\/index.php?rest_route=\/wp\/v2\/pages"}],"about":[{"href":"https:\/\/gutschoeller.de\/index.php?rest_route=\/wp\/v2\/types\/page"}],"author":[{"embeddable":true,"href":"https:\/\/gutschoeller.de\/index.php?rest_route=\/wp\/v2\/users\/1"}],"replies":[{"embeddable":true,"href":"https:\/\/gutschoeller.de\/index.php?rest_route=%2Fwp%2Fv2%2Fcomments&post=2"}],"version-history":[{"count":4,"href":"https:\/\/gutschoeller.de\/index.php?rest_route=\/wp\/v2\/pages\/2\/revisions"}],"predecessor-version":[{"id":12,"href":"https:\/\/gutschoeller.de\/index.php?rest_route=\/wp\/v2\/pages\/2\/revisions\/12"}],"wp:attachment":[{"href":"https:\/\/gutschoeller.de\/index.php?rest_route=%2Fwp%2Fv2%2Fmedia&parent=2"}],"curies":[{"name":"wp","href":"https:\/\/api.w.org\/{rel}","templated":true}]}}